{"id":5818,"date":"2022-05-27T17:53:41","date_gmt":"2022-05-27T15:53:41","guid":{"rendered":"https:\/\/healandflourish.com\/tuyen-bo-mien-tru-trach-nhiem\/"},"modified":"2024-12-20T08:59:39","modified_gmt":"2024-12-20T07:59:39","slug":"tuyen-bo-mien-tru-trach-nhiem","status":"publish","type":"page","link":"https:\/\/healandflourish.com\/vi\/tuyen-bo-mien-tru-trach-nhiem\/","title":{"rendered":"Tuy\u00ean b\u1ed1 mi\u1ec5n tr\u1eeb tr\u00e1ch nhi\u1ec7m"},"content":{"rendered":"\n<p class=\"has-text-align-center\"><em>Heal &amp; Flourish v\u00e0 b\u1ea5t k\u1ef3 d\u1ecbch v\u1ee5 n\u00e0o c\u1ee7a Li\u00ean kh\u00f4ng ch\u1ea9n \u0111o\u00e1n, ch\u1eefa kh\u1ecfi, ng\u0103n ng\u1eeba ho\u1eb7c \u0111i\u1ec1u tr\u1ecb b\u1ec7nh. Xin l\u01b0u \u00fd r\u1eb1ng th\u00f4ng tin \u0111\u01b0\u1ee3c cung c\u1ea5p tr\u00ean trang web n\u00e0y v\u00e0 th\u00f4ng qua b\u1ea5t k\u1ef3 bu\u1ed5i t\u01b0 v\u1ea5n dinh d\u01b0\u1ee1ng n\u00e0o \u0111\u1ec1u nh\u1eb1m m\u1ee5c \u0111\u00edch h\u1ed7 tr\u1ee3 s\u1ee9c kh\u1ecfe dinh d\u01b0\u1ee1ng n\u00f3i chung v\u00e0 kh\u00f4ng nh\u1eb1m thay th\u1ebf l\u1eddi khuy\u00ean t\u1eeb b\u00e1c s\u0129 c\u1ee7a b\u1ea1n. <\/em><\/p>\n\n<p>C\u00e1c \u0111i\u1ec1u ki\u1ec7n sau \u0111\u00e2y \u00e1p d\u1ee5ng cho b\u1ea5t k\u1ef3 ai truy c\u1eadp v\u00e0 s\u1eed d\u1ee5ng trang web c\u1ee7a ch\u00fang t\u00f4i ho\u1eb7c b\u1ea5t k\u1ef3 ph\u1ea7n n\u00e0o c\u1ee7a trang web. Heal &amp; Flourish c\u00f3 th\u1ec3 s\u1eeda \u0111\u1ed5i c\u00e1c \u0111i\u1ec1u ki\u1ec7n n\u00e0y theo th\u1eddi gian v\u00e0 do \u0111\u00f3, b\u1ea1n n\u00ean c\u1eadp nh\u1eadt c\u00e1c thay \u0111\u1ed5i b\u1eb1ng c\u00e1ch th\u01b0\u1eddng xuy\u00ean xem l\u1ea1i c\u00e1c \u0111i\u1ec1u ki\u1ec7n. <\/p>\n\n<p>Khi s\u1eed d\u1ee5ng trang web Heal &amp; Flourish, b\u1ea1n \u0111\u1ed3ng \u00fd ch\u1ecbu r\u00e0ng bu\u1ed9c b\u1edfi c\u00e1c \u0111i\u1ec1u ki\u1ec7n sau:<\/p>\n\n<p>1. B\u1ea1n hi\u1ec3u r\u1eb1ng c\u00e1c d\u1ecbch v\u1ee5 m\u00e0 Heal &amp; Flourish cung c\u1ea5p l\u00e0 m\u1ed9t c\u00e1ch ti\u1ebfp c\u1eadn phi y khoa \u0111\u1ed1i v\u1edbi s\u1ee9c kh\u1ecfe. B\u1eb1ng c\u00e1ch s\u1eed d\u1ee5ng c\u00e1c d\u1ecbch v\u1ee5 c\u1ee7a ch\u00fang t\u00f4i, b\u1ea1n hi\u1ec3u r\u1eb1ng Heal &amp; Flourish c\u00f3 th\u1ec3 cung c\u1ea5p h\u01b0\u1edbng d\u1eabn v\u1ec1 ch\u1ebf \u0111\u1ed9 \u0103n u\u1ed1ng, l\u1ed1i s\u1ed1ng v\u00e0\/ho\u1eb7c b\u1ed5 sung; r\u1eb1ng <strong>\u0111\u00e2y kh\u00f4ng ph\u1ea3i l\u00e0 c\u00e1c d\u1ecbch v\u1ee5 y t\u1ebf; v\u00e0 r\u1eb1ng \u0111\u00e2y kh\u00f4ng ph\u1ea3i l\u00e0 d\u1ecbch v\u1ee5 c\u1ea5p c\u1ee9u ho\u1eb7c t\u01b0 v\u1ea5n t\u00e2m l\u00fd.<\/strong> <\/p>\n\n<p>2. B\u1ea1n hi\u1ec3u r\u1eb1ng \u0111\u1ea1i di\u1ec7n c\u1ee7a Heal &amp; Flourish (t\u1ee9c l\u00e0 Lien van Gogh) <strong>kh\u00f4ng ph\u1ea3i l\u00e0 b\u00e1c s\u0129 \u0111\u01b0\u1ee3c c\u1ea5p ph\u00e9p<\/strong> v\u00e0 c\u00f4 \u1ea5y ch\u1ec9 \u0111\u00f3ng vai tr\u00f2 l\u00e0 c\u1ed1 v\u1ea5n v\u00e0 ng\u01b0\u1eddi h\u1ed7 tr\u1ee3. B\u1ea1n ch\u1ecbu to\u00e0n b\u1ed9 tr\u00e1ch nhi\u1ec7m v\u1ec1 b\u1ea5t k\u1ef3 giao th\u1ee9c s\u1ee9c kh\u1ecfe n\u00e0o b\u1ea1n ch\u1ecdn theo \u0111u\u1ed5i, bao g\u1ed3m c\u1ea3 m\u1ee9c \u0111\u1ed9 b\u1ea1n tu\u00e2n th\u1ee7 ho\u1eb7c kh\u00f4ng tu\u00e2n th\u1ee7 c\u00e1c giao th\u1ee9c \u0111\u00f3, v\u00e0 \u0111\u1ed3ng \u00fd gi\u1eef Heal &amp; Flourish ho\u1eb7c\/v\u00e0 Lien van Gogh v\u00f4 h\u1ea1i li\u00ean quan \u0111\u1ebfn c\u00e1c tr\u1ea3i nghi\u1ec7m v\u1ec1 s\u1ee9c kh\u1ecfe c\u1ee7a b\u1ea1n (ho\u1eb7c nh\u1eefng ng\u01b0\u1eddi b\u1ea1n \u0111\u1ea1i di\u1ec7n). <\/p>\n\n<p>3. B\u1ea1n hi\u1ec3u r\u1eb1ng Heal &amp; Flourish <strong>KH\u00d4NG C\u1ed0 G\u1eaeNG ch\u1ea9n \u0111o\u00e1n, k\u00ea \u0111\u01a1n, ng\u0103n ng\u1eeba ho\u1eb7c \u0111i\u1ec1u tr\u1ecb b\u1ea5t k\u1ef3 b\u1ec7nh l\u00fd n\u00e0o,<\/strong> m\u00e0 ch\u1ec9 h\u1ed7 tr\u1ee3 c\u01a1 th\u1ec3 t\u1ef1 c\u1ea3i thi\u1ec7n v\u00e0 duy tr\u00ec. B\u1ea1n c\u0169ng hi\u1ec3u r\u1eb1ng c\u00e1c bu\u1ed5i t\u01b0 v\u1ea5n d\u1ef1a tr\u00ean m\u1ed9t ph\u1ea7n th\u00f4ng tin b\u1ea1n cung c\u1ea5p v\u1ec1 b\u1ea3n th\u00e2n v\u00e0 do \u0111\u00f3 x\u00e1c nh\u1eadn r\u1eb1ng t\u1ea5t c\u1ea3 th\u00f4ng tin \u0111\u01b0\u1ee3c cung c\u1ea5p v\u1ec1 t\u00ecnh tr\u1ea1ng s\u1ee9c kh\u1ecfe v\u00e0 l\u1ed1i s\u1ed1ng c\u1ee7a b\u1ea1n (ho\u1eb7c v\u1ec1 nh\u1eefng ng\u01b0\u1eddi b\u1ea1n \u0111\u1ea1i di\u1ec7n) l\u00e0 ch\u00ednh x\u00e1c theo hi\u1ec3u bi\u1ebft t\u1ed1t nh\u1ea5t c\u1ee7a b\u1ea1n. <\/p>\n\n<p>4. B\u1ea1n th\u1eeba nh\u1eadn r\u1eb1ng Heal &amp; Flourish khuy\u1ebfn kh\u00edch b\u1ea1n \u0111\u1ebfn g\u1eb7p b\u00e1c s\u0129 \u0111\u1ec3 \u0111\u01b0\u1ee3c c\u1ea5p c\u1ee9u y t\u1ebf; c\u00e1c b\u1ec7nh c\u1ea5p t\u00ednh do vi-r\u00fat, vi khu\u1ea9n ho\u1eb7c c\u00e1c b\u1ec7nh l\u00fd\/sinh h\u00f3a kh\u00e1c; v\u00e0 b\u1ea5t k\u1ef3 t\u00ecnh tr\u1ea1ng n\u00e0o kh\u00e1c c\u1ea7n \u0111\u01b0\u1ee3c ch\u0103m s\u00f3c y t\u1ebf.<\/p>\n","protected":false},"excerpt":{"rendered":"<p>Heal &amp; Flourish v\u00e0 b\u1ea5t k\u1ef3 d\u1ecbch v\u1ee5 n\u00e0o c\u1ee7a Li\u00ean kh\u00f4ng ch\u1ea9n \u0111o\u00e1n, ch\u1eefa kh\u1ecfi, ng\u0103n ng\u1eeba ho\u1eb7c \u0111i\u1ec1u tr\u1ecb b\u1ec7nh. Xin l\u01b0u \u00fd r\u1eb1ng th\u00f4ng tin \u0111\u01b0\u1ee3c cung c\u1ea5p tr\u00ean trang web n\u00e0y v\u00e0 th\u00f4ng qua b\u1ea5t k\u1ef3 bu\u1ed5i t\u01b0 v\u1ea5n dinh d\u01b0\u1ee1ng n\u00e0o \u0111\u1ec1u nh\u1eb1m m\u1ee5c \u0111\u00edch h\u1ed7 tr\u1ee3 s\u1ee9c kh\u1ecfe dinh [&hellip;]<\/p>\n","protected":false},"author":220042106,"featured_media":0,"parent":0,"menu_order":0,"comment_status":"closed","ping_status":"closed","template":"","meta":{"advanced_seo_description":"","jetpack_seo_html_title":"","jetpack_seo_noindex":false,"footnotes":""},"class_list":["post-5818","page","type-page","status-publish","hentry"],"jetpack_likes_enabled":true,"jetpack_sharing_enabled":true,"jetpack_shortlink":"https:\/\/wp.me\/PdTrGT-1vQ","jetpack-related-posts":[{"id":6266,"url":"https:\/\/healandflourish.com\/vi\/chinh-sach-bao-mat\/","url_meta":{"origin":5818,"position":0},"title":"Ch\u00ednh s\u00e1ch B\u1ea3o m\u1eadt","author":"lienvangogh","date":"December 20, 2024","format":false,"excerpt":"S\u1ef1 ri\u00eang t\u01b0 c\u1ee7a b\u1ea1n l\u00e0 \u0111i\u1ec1u quan tr\u1ecdng h\u00e0ng \u0111\u1ea7u \u0111\u1ed1i v\u1edbi ch\u00fang t\u00f4i. T\u1ea1i Heal & Flourish, ch\u00fang t\u00f4i tu\u00e2n th\u1ee7 m\u1ed9t s\u1ed1 nguy\u00ean t\u1eafc c\u01a1 b\u1ea3n: C\u1ea9n tr\u1ecdng trong vi\u1ec7c thu th\u1eadp th\u00f4ng tin c\u00e1 nh\u00e2n c\u1ea7n thi\u1ebft t\u1eeb b\u1ea1n v\u00e0 th\u00f4ng tin ph\u00e1t sinh khi b\u1ea1n\u2026","rel":"","context":"Similar post","block_context":{"text":"Similar post","link":""},"img":{"alt_text":"","src":"","width":0,"height":0},"classes":[]},{"id":6268,"url":"https:\/\/healandflourish.com\/vi\/chinh-sach-cookie\/","url_meta":{"origin":5818,"position":1},"title":"Ch\u00ednh s\u00e1ch Cookie","author":"lienvangogh","date":"December 20, 2024","format":false,"excerpt":"Ch\u00ednh s\u00e1ch b\u1ea3o m\u1eadt v\u00e0 GDPR gi\u1ea3i th\u00edch c\u00e1c nguy\u00ean t\u1eafc c\u1ee7a ch\u00fang t\u00f4i v\u1ec1 vi\u1ec7c thu th\u1eadp, x\u1eed l\u00fd v\u00e0 l\u01b0u tr\u1eef th\u00f4ng tin c\u1ee7a b\u1ea1n. \u0110\u1ed3ng th\u1eddi, ch\u00ednh s\u00e1ch c\u0169ng gi\u1ea3i th\u00edch c\u00e1ch ch\u00fang t\u00f4i, c\u00e1c \u0111\u1ed1i t\u00e1c, v\u00e0 nh\u00e0 cung c\u1ea5p d\u1ecbch v\u1ee5 s\u1eed d\u1ee5ng cookie, c\u0169ng\u2026","rel":"","context":"Similar post","block_context":{"text":"Similar post","link":""},"img":{"alt_text":"","src":"","width":0,"height":0},"classes":[]},{"id":6249,"url":"https:\/\/healandflourish.com\/vi\/chua-lanh-bang-nang-luong-sinh-hoc-bioenergetics\/","url_meta":{"origin":5818,"position":2},"title":"Ch\u1eefa L\u00e0nh B\u1eb1ng N\u0103ng L\u01b0\u1ee3ng Sinh H\u1ecdc (Bioenergetics)","author":"lienvangogh","date":"June 25, 2023","format":false,"excerpt":"Y h\u1ecdc c\u1ee7a t\u1ea7n s\u1ed1 s\u1ebd l\u00e0 Y h\u1ecdc trong t\u01b0\u01a1ng lai Albert Einstein B\u1ea1n \u0111\u00e3 s\u1eb5n s\u00e0ng \u0111\u1ec3 c\u1ea3m th\u1ea5y tr\u00e0n \u0111\u1ea7y s\u1ee9c s\u1ed1ng, n\u0103ng l\u01b0\u1ee3ng v\u00e0 th\u1eadt s\u1ef1 r\u1ea1ng r\u1ee1 ch\u01b0a? N\u1ebfu b\u1ea1n \u0111ang t\u00ecm ki\u1ebfm n\u0103ng l\u01b0\u1ee3ng \u0111\u1ec3 \u0111\u00f3n nh\u1eadn m\u1ed7i ng\u00e0y v\u1edbi s\u1ef1 h\u1ee9ng kh\u1edfi m\u1edbi,\u2026","rel":"","context":"Similar post","block_context":{"text":"Similar post","link":""},"img":{"alt_text":"","src":"https:\/\/i0.wp.com\/healandflourish.com\/wp-content\/uploads\/2024\/10\/frequency-and-vibration-medicine-4.png?fit=1024%2C768&ssl=1&resize=350%2C200","width":350,"height":200,"srcset":"https:\/\/i0.wp.com\/healandflourish.com\/wp-content\/uploads\/2024\/10\/frequency-and-vibration-medicine-4.png?fit=1024%2C768&ssl=1&resize=350%2C200 1x, https:\/\/i0.wp.com\/healandflourish.com\/wp-content\/uploads\/2024\/10\/frequency-and-vibration-medicine-4.png?fit=1024%2C768&ssl=1&resize=525%2C300 1.5x, https:\/\/i0.wp.com\/healandflourish.com\/wp-content\/uploads\/2024\/10\/frequency-and-vibration-medicine-4.png?fit=1024%2C768&ssl=1&resize=700%2C400 2x"},"classes":[]},{"id":6241,"url":"https:\/\/healandflourish.com\/vi\/","url_meta":{"origin":5818,"position":3},"title":"M\u1ebfn ch\u00e0o b\u1ea1n \u0111\u1ebfn v\u1edbi Heal &amp; Flourish!","author":"lienvangogh","date":"June 12, 2024","format":false,"excerpt":"H\u00e0nh tr\u00ecnh h\u1ed3i ph\u1ee5c v\u00e0 c\u1ea3i thi\u1ec7n s\u1ee9c kh\u1ecfe d\u00e0nh cho m\u1ecdi ph\u1ee5 n\u1eef b\u1eaft \u0111\u1ea7u t\u1eeb \u0111\u00e2y! Ch\u00e0o b\u1ea1n, m\u00ecnh l\u00e0 Li\u00ean vang Gogh, ni\u1ec1m \u0111am m\u00ea c\u1ee7a m\u00ecnh \u0111\u1ed1i v\u1edbi vi\u1ec7c ch\u0103m s\u00f3c s\u1ee9c kh\u1ecfe ph\u1ee5 n\u1eef b\u1eaft ngu\u1ed3n t\u1eeb ch\u00ednh h\u00e0nh tr\u00ecnh h\u1ed3i ph\u1ee5c c\u1ee7a b\u1ea3n th\u00e2n.\u2026","rel":"","context":"Similar post","block_context":{"text":"Similar post","link":""},"img":{"alt_text":"","src":"https:\/\/i0.wp.com\/healandflourish.com\/wp-content\/uploads\/2025\/02\/3-step-process_TV_3.png?resize=350%2C200&ssl=1","width":350,"height":200},"classes":[]},{"id":6245,"url":"https:\/\/healandflourish.com\/vi\/hanh-trinh-tu-hoi-phuc-cua-ban-than\/","url_meta":{"origin":5818,"position":4},"title":"H\u00e0nh tr\u00ecnh t\u1ef1 h\u1ed3i ph\u1ee5c c\u1ee7a b\u1ea3n th\u00e2n","author":"lienvangogh","date":"April 16, 2022","format":false,"excerpt":"Ch\u00e0o b\u1ea1n! m\u00ecnh l\u00e0 Li\u00ean van Gogh, v\u00e0 m\u00ecnh r\u1ea5t vui khi b\u1ea1n \u0111\u00e3 t\u00ecm \u0111\u1ebfn Heal & Flourish. C\u1ea3m \u01a1n b\u1ea1n \u0111\u00e3 b\u01b0\u1edbc nh\u1eefng b\u01b0\u1edbc \u0111\u1ea7u ti\u00ean quan tr\u1ecdng tr\u00ean h\u00e0nh tr\u00ecnh h\u1ed3i ph\u1ee5c v\u00e0 b\u1eaft \u0111\u1ea7u x\u00e2y d\u1ef1ng l\u1ed1i s\u1ed1ng kh\u1ecfe m\u1ea1nh, h\u1ea1nh ph\u00fac c\u1ee7a m\u00ecnh. H\u00e0nh tr\u00ecnh\u2026","rel":"","context":"Similar post","block_context":{"text":"Similar post","link":""},"img":{"alt_text":"","src":"https:\/\/i0.wp.com\/healandflourish.com\/wp-content\/uploads\/2025\/04\/LvG34.jpg?resize=350%2C200&ssl=1","width":350,"height":200,"srcset":"https:\/\/i0.wp.com\/healandflourish.com\/wp-content\/uploads\/2025\/04\/LvG34.jpg?resize=350%2C200&ssl=1 1x, https:\/\/i0.wp.com\/healandflourish.com\/wp-content\/uploads\/2025\/04\/LvG34.jpg?resize=525%2C300&ssl=1 1.5x, https:\/\/i0.wp.com\/healandflourish.com\/wp-content\/uploads\/2025\/04\/LvG34.jpg?resize=700%2C400&ssl=1 2x, https:\/\/i0.wp.com\/healandflourish.com\/wp-content\/uploads\/2025\/04\/LvG34.jpg?resize=1050%2C600&ssl=1 3x, https:\/\/i0.wp.com\/healandflourish.com\/wp-content\/uploads\/2025\/04\/LvG34.jpg?resize=1400%2C800&ssl=1 4x"},"classes":[]},{"id":6247,"url":"https:\/\/healandflourish.com\/vi\/dich-vu\/","url_meta":{"origin":5818,"position":5},"title":"D\u1ecbch v\u1ee5","author":"lienvangogh","date":"June 11, 2024","format":false,"excerpt":"PH\u01af\u01a0NG TH\u1ee8C V\u00c0 D\u1ecaCH V\u1ee4 HEAL & FLOURISH S\u1ee9c kh\u1ecfe to\u00e0n di\u1ec7n l\u00e0 nh\u1eefng kh\u00eda c\u1ea1nh \u0111a chi\u1ec1u, kh\u00f4ng ch\u1ec9 l\u00e0 th\u1ec3 ch\u1ea5t m\u00e0 c\u00f2n c\u1ea3 tinh th\u1ea7n, c\u1ea3m x\u00fac v\u00e0 t\u00e2m linh. Heal & Flourish cung c\u1ea5p c\u00e1c ph\u01b0\u01a1ng ph\u00e1p hi\u1ec7u qu\u1ea3 gi\u00fap ch\u1ecb em kh\u00f4ng nh\u1eefng c\u00f3 \u0111\u01b0\u1ee3c\u2026","rel":"","context":"Similar post","block_context":{"text":"Similar post","link":""},"img":{"alt_text":"","src":"https:\/\/i0.wp.com\/healandflourish.com\/wp-content\/uploads\/2024\/10\/nutrition-therapy-fasting-lifestyle-coaching-for-women-6.png?fit=1024%2C768&ssl=1&resize=350%2C200","width":350,"height":200,"srcset":"https:\/\/i0.wp.com\/healandflourish.com\/wp-content\/uploads\/2024\/10\/nutrition-therapy-fasting-lifestyle-coaching-for-women-6.png?fit=1024%2C768&ssl=1&resize=350%2C200 1x, https:\/\/i0.wp.com\/healandflourish.com\/wp-content\/uploads\/2024\/10\/nutrition-therapy-fasting-lifestyle-coaching-for-women-6.png?fit=1024%2C768&ssl=1&resize=525%2C300 1.5x, https:\/\/i0.wp.com\/healandflourish.com\/wp-content\/uploads\/2024\/10\/nutrition-therapy-fasting-lifestyle-coaching-for-women-6.png?fit=1024%2C768&ssl=1&resize=700%2C400 2x"},"classes":[]}],"_links":{"self":[{"href":"https:\/\/healandflourish.com\/vi\/wp-json\/wp\/v2\/pages\/5818","targetHints":{"allow":["GET"]}}],"collection":[{"href":"https:\/\/healandflourish.com\/vi\/wp-json\/wp\/v2\/pages"}],"about":[{"href":"https:\/\/healandflourish.com\/vi\/wp-json\/wp\/v2\/types\/page"}],"author":[{"embeddable":true,"href":"https:\/\/healandflourish.com\/vi\/wp-json\/wp\/v2\/users\/220042106"}],"replies":[{"embeddable":true,"href":"https:\/\/healandflourish.com\/vi\/wp-json\/wp\/v2\/comments?post=5818"}],"version-history":[{"count":3,"href":"https:\/\/healandflourish.com\/vi\/wp-json\/wp\/v2\/pages\/5818\/revisions"}],"predecessor-version":[{"id":6254,"href":"https:\/\/healandflourish.com\/vi\/wp-json\/wp\/v2\/pages\/5818\/revisions\/6254"}],"wp:attachment":[{"href":"https:\/\/healandflourish.com\/vi\/wp-json\/wp\/v2\/media?parent=5818"}],"curies":[{"name":"wp","href":"https:\/\/api.w.org\/{rel}","templated":true}]}}