{"id":5898,"date":"2024-10-09T12:49:02","date_gmt":"2024-10-09T10:49:02","guid":{"rendered":"https:\/\/healandflourish.com\/ho-tro-trao-doi-chat\/"},"modified":"2024-10-17T08:20:27","modified_gmt":"2024-10-17T06:20:27","slug":"ho-tro-trao-doi-chat","status":"publish","type":"page","link":"https:\/\/healandflourish.com\/vi\/ho-tro-trao-doi-chat\/","title":{"rendered":"H\u1ed7 tr\u1ee3 trao \u0111\u1ed5i ch\u1ea5t"},"content":{"rendered":"\n<p><\/p>\n\n        <div class=\"shop-page-wp-grid\">\n\t\t\t        <\/div>\n\t\t\n\n<p><\/p>\n","protected":false},"excerpt":{"rendered":"","protected":false},"author":220042106,"featured_media":0,"parent":0,"menu_order":0,"comment_status":"closed","ping_status":"closed","template":"","meta":{"advanced_seo_description":"","jetpack_seo_html_title":"","jetpack_seo_noindex":false,"footnotes":""},"class_list":["post-5898","page","type-page","status-publish","hentry"],"jetpack_likes_enabled":true,"jetpack_sharing_enabled":true,"jetpack_shortlink":"https:\/\/wp.me\/PdTrGT-1x8","jetpack-related-posts":[{"id":5843,"url":"https:\/\/healandflourish.com\/vi\/ho-tro-nhin-an\/","url_meta":{"origin":5898,"position":0},"title":"H\u1ed7 tr\u1ee3 nh\u1ecbn \u0103n","author":"lienvangogh","date":"October 9, 2024","format":false,"excerpt":"","rel":"","context":"Similar post","block_context":{"text":"Similar post","link":""},"img":{"alt_text":"","src":"","width":0,"height":0},"classes":[]},{"id":5845,"url":"https:\/\/healandflourish.com\/vi\/ho-tro-nang-luong\/","url_meta":{"origin":5898,"position":1},"title":"H\u1ed7 tr\u1ee3 n\u0103ng l\u01b0\u1ee3ng","author":"lienvangogh","date":"October 9, 2024","format":false,"excerpt":"","rel":"","context":"Similar post","block_context":{"text":"Similar post","link":""},"img":{"alt_text":"","src":"","width":0,"height":0},"classes":[]},{"id":5854,"url":"https:\/\/healandflourish.com\/vi\/ho-tro-tieu-hoa\/","url_meta":{"origin":5898,"position":2},"title":"H\u1ed7 tr\u1ee3 ti\u00eau h\u00f3a","author":"lienvangogh","date":"October 9, 2024","format":false,"excerpt":"","rel":"","context":"Similar post","block_context":{"text":"Similar post","link":""},"img":{"alt_text":"","src":"","width":0,"height":0},"classes":[]},{"id":5862,"url":"https:\/\/healandflourish.com\/vi\/ho-tro-thai-doc\/","url_meta":{"origin":5898,"position":3},"title":"H\u1ed7 tr\u1ee3 th\u1ea3i \u0111\u1ed9c","author":"lienvangogh","date":"October 9, 2024","format":false,"excerpt":"","rel":"","context":"Similar post","block_context":{"text":"Similar post","link":""},"img":{"alt_text":"","src":"","width":0,"height":0},"classes":[]},{"id":5842,"url":"https:\/\/healandflourish.com\/vi\/ho-tro-giac-ngu\/","url_meta":{"origin":5898,"position":4},"title":"H\u1ed7 tr\u1ee3 gi\u1ea5c ng\u1ee7","author":"lienvangogh","date":"October 9, 2024","format":false,"excerpt":"","rel":"","context":"Similar post","block_context":{"text":"Similar post","link":""},"img":{"alt_text":"","src":"","width":0,"height":0},"classes":[]},{"id":6251,"url":"https:\/\/healandflourish.com\/vi\/phuc-hoi-chuc-nang-trao-doi-chat-can-bang-hoc-mon-nghe-thuat-can-bang-dinh-duong-nhin-an-gian-doan\/","url_meta":{"origin":5898,"position":5},"title":"Ph\u1ee5c H\u1ed3i Ch\u1ee9c N\u0103ng Trao \u0110\u1ed5i Ch\u1ea5t &amp; C\u00e2n B\u1eb1ng H\u00f3c M\u00f4n \u2013 Ngh\u1ec7 Thu\u1eadt C\u00e2n B\u1eb1ng Dinh D\u01b0\u1ee1ng &amp; Nh\u1ecbn \u0102n Gi\u00e1n \u0110o\u1ea1n","author":"lienvangogh","date":"April 16, 2022","format":false,"excerpt":"Nh\u1eefng h\u00e0nh \u0111\u1ed9ng quy\u1ebfn r\u0169 nh\u1ea5t c\u1ee7a m\u1ed9t ng\u01b0\u1eddi ph\u1ee5 n\u1eef l\u00e0 y\u00eau b\u1ea3n th\u00e2n, l\u00e0 ch\u00ednh m\u00ecnh v\u00e0 t\u1ecfa s\u00e1ng gi\u1eefa nh\u1eefng ng\u01b0\u1eddi ch\u01b0a bao gi\u1edd tin r\u1eb1ng c\u00f4 \u1ea5y c\u00f3 th\u1ec3. H\u00e0nh Tr\u00ecnh Chung H\u01b0\u1edbng \u0110\u1ebfn S\u1ee9c Kh\u1ecfe V\u00e0 H\u1ea1nh Ph\u00fac Trong nh\u1eefng n\u0103m g\u1ea7n \u0111\u00e2y, Li\u00ean c\u00f3\u2026","rel":"","context":"Similar post","block_context":{"text":"Similar post","link":""},"img":{"alt_text":"","src":"https:\/\/i0.wp.com\/healandflourish.com\/wp-content\/uploads\/2024\/10\/a-group-of-happy-women.png?fit=1024%2C768&ssl=1&resize=350%2C200","width":350,"height":200,"srcset":"https:\/\/i0.wp.com\/healandflourish.com\/wp-content\/uploads\/2024\/10\/a-group-of-happy-women.png?fit=1024%2C768&ssl=1&resize=350%2C200 1x, https:\/\/i0.wp.com\/healandflourish.com\/wp-content\/uploads\/2024\/10\/a-group-of-happy-women.png?fit=1024%2C768&ssl=1&resize=525%2C300 1.5x, https:\/\/i0.wp.com\/healandflourish.com\/wp-content\/uploads\/2024\/10\/a-group-of-happy-women.png?fit=1024%2C768&ssl=1&resize=700%2C400 2x"},"classes":[]}],"_links":{"self":[{"href":"https:\/\/healandflourish.com\/vi\/wp-json\/wp\/v2\/pages\/5898","targetHints":{"allow":["GET"]}}],"collection":[{"href":"https:\/\/healandflourish.com\/vi\/wp-json\/wp\/v2\/pages"}],"about":[{"href":"https:\/\/healandflourish.com\/vi\/wp-json\/wp\/v2\/types\/page"}],"author":[{"embeddable":true,"href":"https:\/\/healandflourish.com\/vi\/wp-json\/wp\/v2\/users\/220042106"}],"replies":[{"embeddable":true,"href":"https:\/\/healandflourish.com\/vi\/wp-json\/wp\/v2\/comments?post=5898"}],"version-history":[{"count":2,"href":"https:\/\/healandflourish.com\/vi\/wp-json\/wp\/v2\/pages\/5898\/revisions"}],"predecessor-version":[{"id":5905,"href":"https:\/\/healandflourish.com\/vi\/wp-json\/wp\/v2\/pages\/5898\/revisions\/5905"}],"wp:attachment":[{"href":"https:\/\/healandflourish.com\/vi\/wp-json\/wp\/v2\/media?parent=5898"}],"curies":[{"name":"wp","href":"https:\/\/api.w.org\/{rel}","templated":true}]}}